{"id":11,"date":"2024-08-28T16:25:27","date_gmt":"2024-08-28T14:25:27","guid":{"rendered":"https:\/\/villeneuve1874.fr\/?page_id=11"},"modified":"2025-04-07T16:46:19","modified_gmt":"2025-04-07T14:46:19","slug":"contact","status":"publish","type":"page","link":"https:\/\/villeneuve1874.fr\/index.php\/contact\/","title":{"rendered":"Contact \/ Adh\u00e9sions"},"content":{"rendered":"\n<p><br><br>Pour contacter l&rsquo;association :<strong> contact@villeneuve1874.fr<\/strong><br><br>Adresse postale: <br><strong>Association Villeneuve 1874<br>Ch\u00e2teau de Villeneuve<br>72300 Sabl\u00e9 sur sarthe<\/strong><br><br><br><br><\/p>\n\n\n\n<div class=\"wp-block-buttons is-layout-flex wp-block-buttons-is-layout-flex\">\n<div class=\"wp-block-button\"><a class=\"wp-block-button__link wp-element-button\" href=\"https:\/\/www.helloasso.com\/associations\/villeneuve-1874\/adhesions\/bulletin-d-adhesion-villeneuve-1874\">Adh\u00e9sion en ligne<\/a><\/div>\n<\/div>\n\n\n\n<p>L&rsquo;adh\u00e9sion \u00e0 \u00ab\u00a0Villeneuve 1874\u00a0\u00bb vous ouvre le droit \u00e0 participer \u00e0 tous les \u00e9v\u00e8nements associatifs gratuits organis\u00e9s pour les adh\u00e9rents ainsi que la possibilit\u00e9 de vous inscrire aux activit\u00e9s propos\u00e9es par les intervenants.<\/p>\n\n\n\n<p>Adh\u00e9rer c&rsquo;est aussi soutenir un projet patrimoniale tout en participant au d\u00e9veloppement d&rsquo;activit\u00e9s et d&rsquo;\u00e9v\u00e8nements artistiques, ludiques et culturels !<br><br>Devenez membre honorifique en faisant un don \u00e0 l&rsquo;association en plus du montant de l&rsquo;adh\u00e9sion. <br><br>Pour le lancement de l&rsquo;association, les adh\u00e9rents qui s&rsquo;inscriront en ce d\u00e9but d&rsquo;ann\u00e9e 2025 n&rsquo;auront pas de cotisation \u00e0 r\u00e9gler pour la rentr\u00e9e de 09\/2025 \u00e0 09\/2026.<\/p>\n","protected":false},"excerpt":{"rendered":"<p>Pour contacter l&rsquo;association : contact@villeneuve1874.fr Adresse postale: Association Villeneuve 1874Ch\u00e2teau de Villeneuve72300 Sabl\u00e9 sur sarthe L&rsquo;adh\u00e9sion \u00e0 \u00ab\u00a0Villeneuve 1874\u00a0\u00bb vous ouvre le droit \u00e0 participer \u00e0 tous les \u00e9v\u00e8nements associatifs gratuits organis\u00e9s pour les adh\u00e9rents ainsi que la possibilit\u00e9 de vous inscrire aux activit\u00e9s propos\u00e9es par les intervenants. Adh\u00e9rer c&rsquo;est aussi soutenir un projet patrimoniale [&hellip;]<\/p>\n","protected":false},"author":1,"featured_media":0,"parent":0,"menu_order":0,"comment_status":"closed","ping_status":"closed","template":"","meta":{"footnotes":""},"class_list":["post-11","page","type-page","status-publish","hentry"],"_links":{"self":[{"href":"https:\/\/villeneuve1874.fr\/index.php\/wp-json\/wp\/v2\/pages\/11","targetHints":{"allow":["GET"]}}],"collection":[{"href":"https:\/\/villeneuve1874.fr\/index.php\/wp-json\/wp\/v2\/pages"}],"about":[{"href":"https:\/\/villeneuve1874.fr\/index.php\/wp-json\/wp\/v2\/types\/page"}],"author":[{"embeddable":true,"href":"https:\/\/villeneuve1874.fr\/index.php\/wp-json\/wp\/v2\/users\/1"}],"replies":[{"embeddable":true,"href":"https:\/\/villeneuve1874.fr\/index.php\/wp-json\/wp\/v2\/comments?post=11"}],"version-history":[{"count":7,"href":"https:\/\/villeneuve1874.fr\/index.php\/wp-json\/wp\/v2\/pages\/11\/revisions"}],"predecessor-version":[{"id":400,"href":"https:\/\/villeneuve1874.fr\/index.php\/wp-json\/wp\/v2\/pages\/11\/revisions\/400"}],"wp:attachment":[{"href":"https:\/\/villeneuve1874.fr\/index.php\/wp-json\/wp\/v2\/media?parent=11"}],"curies":[{"name":"wp","href":"https:\/\/api.w.org\/{rel}","templated":true}]}}