{"id":375,"date":"2025-04-07T15:10:07","date_gmt":"2025-04-07T13:10:07","guid":{"rendered":"https:\/\/villeneuve1874.fr\/?page_id=375"},"modified":"2025-04-07T15:17:40","modified_gmt":"2025-04-07T13:17:40","slug":"soirees-enquetes-2","status":"publish","type":"page","link":"https:\/\/villeneuve1874.fr\/index.php\/soirees-enquetes-2\/","title":{"rendered":"Soir\u00e9es-enqu\u00eates"},"content":{"rendered":"\n<figure class=\"wp-block-image\"><img decoding=\"async\" src=\"https:\/\/lh7-rt.googleusercontent.com\/docsz\/AD_4nXf3xhuhanAB3rYcCseCThTjuau0I_opwa2P2LdIAQduxGctQs3iAonxqsEO2y-HutmQafq9CWeCSOHgQo8Zk2pQi7StA_x-VHdhJGFRGMBIFQvd62PuPd1TJkmNkBk3rZ84cpPw9Q?key=j3D4_Hr6N5YrIHCtLpTEQFH5\" alt=\"\"\/><figcaption class=\"wp-element-caption\">Photo du groupe de joueurs lors d&rsquo;une soir\u00e9e enqu\u00eate, sc\u00e9nario \u00ab\u00a0Qui enterrera le Croquemort ?\u00a0\u00bb<\/figcaption><\/figure>\n\n\n\n<p><br>Les soir\u00e9es enqu\u00eates sont des soir\u00e9es costum\u00e9es. Selon les sc\u00e9narios, elles s\u2019inscriront dans une \u00e9poque se situant entre 1900 et 1950.<br>Une soir\u00e9e enqu\u00eate est un jeu o\u00f9 un nombre de joueurs est d\u00e9fini. Chaque joueur interpr\u00e8te un personnage le temps d\u2019une soir\u00e9e o\u00f9 une intrigue est d\u00e9velopp\u00e9e (ambiance Agatha Christie ). C\u2019est un format de soir\u00e9e costum\u00e9e particuli\u00e8rement d\u00e9paysant . Nous pr\u00e9voyons \u00e0 terme la possibilit\u00e9 de louer des costumes pour ces occasions. Pour participer il est n\u00e9cessaire de s\u2019inscrire. Le format de ces soir\u00e9es enqu\u00eates sera une soir\u00e9e avec d\u00eener inclus et servi \u00e0 table. Les participants r\u00e9partiront avec des souvenirs mais aussi avec un pack de photos prises durant le jeu.\u00a0<\/p>\n","protected":false},"excerpt":{"rendered":"<p>Les soir\u00e9es enqu\u00eates sont des soir\u00e9es costum\u00e9es. Selon les sc\u00e9narios, elles s\u2019inscriront dans une \u00e9poque se situant entre 1900 et 1950.Une soir\u00e9e enqu\u00eate est un jeu o\u00f9 un nombre de joueurs est d\u00e9fini. Chaque joueur interpr\u00e8te un personnage le temps d\u2019une soir\u00e9e o\u00f9 une intrigue est d\u00e9velopp\u00e9e (ambiance Agatha Christie ). C\u2019est un format de [&hellip;]<\/p>\n","protected":false},"author":1,"featured_media":0,"parent":0,"menu_order":0,"comment_status":"closed","ping_status":"closed","template":"","meta":{"footnotes":""},"class_list":["post-375","page","type-page","status-publish","hentry"],"_links":{"self":[{"href":"https:\/\/villeneuve1874.fr\/index.php\/wp-json\/wp\/v2\/pages\/375","targetHints":{"allow":["GET"]}}],"collection":[{"href":"https:\/\/villeneuve1874.fr\/index.php\/wp-json\/wp\/v2\/pages"}],"about":[{"href":"https:\/\/villeneuve1874.fr\/index.php\/wp-json\/wp\/v2\/types\/page"}],"author":[{"embeddable":true,"href":"https:\/\/villeneuve1874.fr\/index.php\/wp-json\/wp\/v2\/users\/1"}],"replies":[{"embeddable":true,"href":"https:\/\/villeneuve1874.fr\/index.php\/wp-json\/wp\/v2\/comments?post=375"}],"version-history":[{"count":2,"href":"https:\/\/villeneuve1874.fr\/index.php\/wp-json\/wp\/v2\/pages\/375\/revisions"}],"predecessor-version":[{"id":386,"href":"https:\/\/villeneuve1874.fr\/index.php\/wp-json\/wp\/v2\/pages\/375\/revisions\/386"}],"wp:attachment":[{"href":"https:\/\/villeneuve1874.fr\/index.php\/wp-json\/wp\/v2\/media?parent=375"}],"curies":[{"name":"wp","href":"https:\/\/api.w.org\/{rel}","templated":true}]}}