{"id":42,"date":"2024-08-28T16:44:25","date_gmt":"2024-08-28T14:44:25","guid":{"rendered":"https:\/\/villeneuve1874.fr\/index.php\/colibri-wp\/"},"modified":"2026-02-12T14:39:30","modified_gmt":"2026-02-12T13:39:30","slug":"colibri-wp","status":"publish","type":"page","link":"https:\/\/villeneuve1874.fr\/","title":{"rendered":"Front Page"},"content":{"rendered":"<div data-colibri-id=\"42-c1\" class=\"style-190 style-local-42-c1 position-relative\">\n  <!---->\n  <div data-colibri-component=\"section\" data-colibri-id=\"42-c2\" id=\"overlappable\" class=\"h-section h-section-global-spacing d-flex align-items-lg-center align-items-md-center align-items-center style-191 style-local-42-c2 position-relative\">\n    <!---->\n    <!---->\n    <div class=\"h-section-grid-container h-section-boxed-container\">\n      <!---->\n      <div data-colibri-id=\"42-c3\" class=\"h-row-container gutters-row-lg-0 gutters-row-md-0 gutters-row-2 gutters-row-v-lg-0 gutters-row-v-md-0 gutters-row-v-2 style-192 style-local-42-c3 position-relative\">\n        <!---->\n        <div class=\"h-row justify-content-lg-center justify-content-md-center justify-content-center align-items-lg-stretch align-items-md-stretch align-items-stretch gutters-col-lg-0 gutters-col-md-0 gutters-col-2 gutters-col-v-lg-0 gutters-col-v-md-0 gutters-col-v-2\">\n          <!---->\n          <div class=\"h-column h-column-container d-flex h-col-lg-6 h-col-md-6 h-col-12 style-193-outer style-local-42-c4-outer\">\n            <div data-colibri-id=\"42-c4\" class=\"d-flex h-flex-basis h-column__inner h-px-lg-3 h-px-md-3 h-px-2 v-inner-lg-3 v-inner-md-3 v-inner-2 style-193 style-local-42-c4 position-relative\">\n              <!---->\n              <!---->\n              <div class=\"w-100 h-y-container h-column__content h-column__v-align flex-basis-100 align-self-lg-center align-self-md-center align-self-center\">\n                <!---->\n                <div data-colibri-id=\"42-c5\" class=\"h-icon style-194 style-local-42-c5 position-relative h-element\">\n                  <!---->\n                  <a href=\"https:\/\/www.facebook.com\/profile.php?id=61559324878873\" target=\"_blank\" h-use-smooth-scroll=\"true\"><span class=\"h-svg-icon h-icon__icon style-194-icon style-local-42-c5-icon\"><!--Icon by Font Awesome (https:\/\/fontawesome.com)-->\n    <svg version=\"1.1\" xmlns=\"http:\/\/www.w3.org\/2000\/svg\" xmlns:xlink=\"http:\/\/www.w3.org\/1999\/xlink\" id=\"facebook-square\" viewBox=\"0 0 1536 1896.0833\">\n      <path d=\"M1248 128q119 0 203.5 84.5T1536 416v960q0 119-84.5 203.5T1248 1664h-188v-595h199l30-232h-229V689q0-56 23.5-84t91.5-28l122-1V369q-63-9-178-9-136 0-217.5 80T820 666v171H620v232h200v595H288q-119 0-203.5-84.5T0 1376V416q0-119 84.5-203.5T288 128h960z\"><\/path>\n    <\/svg><\/span><\/a>\n                <\/div>\n                <div data-colibri-id=\"42-c6\" class=\"h-global-transition-all h-heading style-195 style-local-42-c6 position-relative h-element\">\n                  <!---->\n                  <div class=\"h-heading__outer style-195 style-local-42-c6\">\n                    <!---->\n                    <!---->\n                    <h5 class=\"\">Suivez-nous sur Facebook !<\/h5>\n                  <\/div>\n                <\/div>\n              <\/div>\n            <\/div>\n          <\/div>\n          <div class=\"h-column h-column-container d-flex h-col-lg-6 h-col-md-6 h-col-12 style-193-outer style-local-42-c7-outer\">\n            <div data-colibri-id=\"42-c7\" class=\"d-flex h-flex-basis h-column__inner h-px-lg-3 h-px-md-3 h-px-2 v-inner-lg-3 v-inner-md-3 v-inner-2 style-193 style-local-42-c7 position-relative\">\n              <!---->\n              <!---->\n              <div class=\"w-100 h-y-container h-column__content h-column__v-align flex-basis-100 align-self-lg-center align-self-md-center align-self-center\">\n                <!---->\n                <div data-colibri-id=\"42-c8\" class=\"h-icon style-194 style-local-42-c8 position-relative h-element\">\n                  <!---->\n                  <a href=\"https:\/\/www.instagram.com\/villeneuve_1874\/\" target=\"_blank\" h-use-smooth-scroll=\"true\"><span class=\"h-svg-icon h-icon__icon style-194-icon style-local-42-c8-icon\"><!--Icon by Font Awesome (https:\/\/fontawesome.com)-->\n    <svg version=\"1.1\" xmlns=\"http:\/\/www.w3.org\/2000\/svg\" xmlns:xlink=\"http:\/\/www.w3.org\/1999\/xlink\" id=\"instagram\" viewBox=\"0 0 1536 1896.0833\">\n      <path d=\"M1024 896q0-106-75-181t-181-75-181 75-75 181 75 181 181 75 181-75 75-181zm138 0q0 164-115 279t-279 115-279-115-115-279 115-279 279-115 279 115 115 279zm108-410q0 38-27 65t-65 27-65-27-27-65 27-65 65-27 65 27 27 65zM768 266q-7 0-76.5-.5t-105.5 0-96.5 3-103 10T315 297q-50 20-88 58t-58 88q-11 29-18.5 71.5t-10 103-3 96.5 0 105.5.5 76.5-.5 76.5 0 105.5 3 96.5 10 103T169 1349q20 50 58 88t88 58q29 11 71.5 18.5t103 10 96.5 3 105.5 0 76.5-.5 76.5.5 105.5 0 96.5-3 103-10 71.5-18.5q50-20 88-58t58-88q11-29 18.5-71.5t10-103 3-96.5 0-105.5-.5-76.5.5-76.5 0-105.5-3-96.5-10-103T1367 443q-20-50-58-88t-88-58q-29-11-71.5-18.5t-103-10-96.5-3-105.5 0-76.5.5zm768 630q0 229-5 317-10 208-124 322t-322 124q-88 5-317 5t-317-5q-208-10-322-124T5 1213q-5-88-5-317t5-317q10-208 124-322t322-124q88-5 317-5t317 5q208 10 322 124t124 322q5 88 5 317z\"><\/path>\n    <\/svg><\/span><\/a>\n                <\/div>\n                <div data-colibri-id=\"42-c9\" class=\"h-global-transition-all h-heading style-195 style-local-42-c9 position-relative h-element\">\n                  <!---->\n                  <div class=\"h-heading__outer style-195 style-local-42-c9\">\n                    <!---->\n                    <!---->\n                    <h5 class=\"\">Suivez-nous sur Instagram !<\/h5>\n                  <\/div>\n                <\/div>\n              <\/div>\n            <\/div>\n          <\/div>\n        <\/div>\n      <\/div>\n    <\/div>\n  <\/div>\n  <div data-colibri-component=\"section\" data-colibri-id=\"42-c10\" id=\"about\" class=\"h-section h-section-global-spacing d-flex align-items-lg-center align-items-md-center align-items-center style-198 style-local-42-c10 position-relative\">\n    <!---->\n    <!---->\n    <div class=\"h-section-grid-container h-section-boxed-container\">\n      <!---->\n      <div data-colibri-id=\"42-c11\" class=\"h-row-container gutters-row-lg-0 gutters-row-md-0 gutters-row-0 gutters-row-v-lg-0 gutters-row-v-md-0 gutters-row-v-0 style-199 style-local-42-c11 position-relative\">\n        <!---->\n        <div class=\"h-row justify-content-lg-center justify-content-md-center justify-content-center align-items-lg-stretch align-items-md-stretch align-items-stretch gutters-col-lg-0 gutters-col-md-0 gutters-col-0 gutters-col-v-lg-0 gutters-col-v-md-0 gutters-col-v-0\">\n          <!---->\n          <div class=\"h-column h-column-container d-flex h-col-lg-auto h-col-md-auto h-col-auto style-200-outer style-local-42-c12-outer\">\n            <div data-colibri-id=\"42-c12\" class=\"d-flex h-flex-basis h-column__inner h-px-lg-0 h-px-md-0 h-px-0 v-inner-lg-0 v-inner-md-0 v-inner-0 style-200 style-local-42-c12 position-relative\">\n              <!---->\n              <!---->\n              <div class=\"w-100 h-y-container h-column__content h-column__v-align flex-basis-100 align-self-lg-start align-self-md-start align-self-start\">\n                <!---->\n                <div data-colibri-id=\"42-c13\" class=\"h-global-transition-all h-heading style-201 style-local-42-c13 position-relative h-element\">\n                  <!---->\n                  <div class=\"h-heading__outer style-201 style-local-42-c13\">\n                    <!---->\n                    <!---->\n                    <h5 class=\"\">A propos de nous<\/h5>\n                  <\/div>\n                <\/div>\n                <div data-colibri-id=\"42-c14\" class=\"h-global-transition-all h-heading style-202 style-local-42-c14 position-relative h-element\">\n                  <!---->\n                  <div class=\"h-heading__outer style-202 style-local-42-c14\">\n                    <!---->\n                    <!---->\n                    <h2 class=\"\">Faire vivre Villeneuve<\/h2>\n                  <\/div>\n                <\/div>\n                <div data-colibri-id=\"42-c15\" class=\"h-text h-text-component style-203 style-local-42-c15 position-relative h-element\">\n                  <!---->\n                  <!---->\n                  <div class=\"\">\n                    <p>L&rsquo;association a pour vocation la valorisation du patrimoine du Ch\u00e2teau de Villeneuve en faisant vivre les lieux \u00e0 travers des \u00e9v\u00e8nements et des ateliers cr\u00e9atifs, artistiques, ludiques ou culturels.<\/p>\n                  <\/div>\n                <\/div>\n              <\/div>\n            <\/div>\n          <\/div>\n          <div class=\"h-column h-column-container d-flex h-col-lg-auto h-col-md-auto h-col-auto style-204-outer style-local-42-c16-outer\">\n            <div data-colibri-id=\"42-c16\" class=\"d-flex h-flex-basis h-column__inner h-ui-empty-state-container h-px-lg-2 h-px-md-2 h-px-2 v-inner-lg-2 v-inner-md-2 v-inner-2 style-204 style-local-42-c16 position-relative\">\n              <!---->\n              <!---->\n              <div class=\"w-100 h-y-container h-column__content h-column__v-align flex-basis-100\">\n                <!---->\n              <\/div>\n            <\/div>\n          <\/div>\n        <\/div>\n      <\/div>\n    <\/div>\n  <\/div>\n<\/div>","protected":false},"excerpt":{"rendered":"<p>Suivez-nous sur Facebook ! Suivez-nous sur Instagram ! A propos de nous Faire vivre Villeneuve L&rsquo;association a pour vocation la valorisation du patrimoine du Ch\u00e2teau de Villeneuve en faisant vivre les lieux \u00e0 travers des \u00e9v\u00e8nements et des ateliers cr\u00e9atifs, artistiques, ludiques ou culturels.<\/p>\n","protected":false},"author":1,"featured_media":0,"parent":0,"menu_order":0,"comment_status":"closed","ping_status":"closed","template":"page-templates\/homepage.php","meta":{"footnotes":""},"class_list":["post-42","page","type-page","status-publish","hentry"],"_links":{"self":[{"href":"https:\/\/villeneuve1874.fr\/index.php\/wp-json\/wp\/v2\/pages\/42","targetHints":{"allow":["GET"]}}],"collection":[{"href":"https:\/\/villeneuve1874.fr\/index.php\/wp-json\/wp\/v2\/pages"}],"about":[{"href":"https:\/\/villeneuve1874.fr\/index.php\/wp-json\/wp\/v2\/types\/page"}],"author":[{"embeddable":true,"href":"https:\/\/villeneuve1874.fr\/index.php\/wp-json\/wp\/v2\/users\/1"}],"replies":[{"embeddable":true,"href":"https:\/\/villeneuve1874.fr\/index.php\/wp-json\/wp\/v2\/comments?post=42"}],"version-history":[{"count":20,"href":"https:\/\/villeneuve1874.fr\/index.php\/wp-json\/wp\/v2\/pages\/42\/revisions"}],"predecessor-version":[{"id":600,"href":"https:\/\/villeneuve1874.fr\/index.php\/wp-json\/wp\/v2\/pages\/42\/revisions\/600"}],"wp:attachment":[{"href":"https:\/\/villeneuve1874.fr\/index.php\/wp-json\/wp\/v2\/media?parent=42"}],"curies":[{"name":"wp","href":"https:\/\/api.w.org\/{rel}","templated":true}]}}