{"id":421,"date":"2025-04-07T17:21:58","date_gmt":"2025-04-07T15:21:58","guid":{"rendered":"https:\/\/villeneuve1874.fr\/?page_id=421"},"modified":"2026-02-12T14:44:57","modified_gmt":"2026-02-12T13:44:57","slug":"les-locaux","status":"publish","type":"page","link":"https:\/\/villeneuve1874.fr\/index.php\/les-locaux\/","title":{"rendered":"Louer les locaux"},"content":{"rendered":"\n<p><br>Vous recherchez un lieu atypique et inspirant pour proposer une activit\u00e9 ? Que cela soit pour des ateliers d&rsquo;art ou des soir\u00e9es \u00e0 th\u00e8me, que ce soit pour du chant, de la musique ou des soir\u00e9es jeux&#8230; Laissez fleurir votre imagination et profitez du cadre ressourcant du Ch\u00e2teau de Villeneuve. <\/p>\n\n\n\n<p>Les locaux de l&rsquo;association Villeneuve 1874 se situent dans l&rsquo;entre-sol du Ch\u00e2teau de Villeneuve. <br>La surface est de 90 m2, avec une possibilit\u00e9 de profiter d&rsquo;un salon de jardin ext\u00e9rieur dans le parc du ch\u00e2teau. <br>Profitez d&rsquo;une ambiance vintage dans l&rsquo;esprit du Ch\u00e2teau \u00e0 quelques minutes du centre ville de sabl\u00e9.<br><br>La location des locaux comprend l\u2019ensemble des 90m2, acc\u00e8s cuisine et sanitaires, espace ext\u00e9rieur dans le parc avec salon de jardin, mobilier modulable en fonction des besoins, vaisselle, papeterie basique, th\u00e9 et caf\u00e9 \u00e0 disposition.<br><\/p>\n\n\n\n<figure class=\"wp-block-gallery has-nested-images columns-default is-cropped wp-block-gallery-1 is-layout-flex wp-block-gallery-is-layout-flex\">\n<figure class=\"wp-block-image size-large\"><img loading=\"lazy\" decoding=\"async\" width=\"768\" height=\"1024\" data-id=\"424\" src=\"https:\/\/villeneuve1874.fr\/wp-content\/uploads\/2025\/04\/1000026624-768x1024.jpg\" alt=\"\" class=\"wp-image-424\" srcset=\"https:\/\/villeneuve1874.fr\/wp-content\/uploads\/2025\/04\/1000026624-768x1024.jpg 768w, https:\/\/villeneuve1874.fr\/wp-content\/uploads\/2025\/04\/1000026624-225x300.jpg 225w, https:\/\/villeneuve1874.fr\/wp-content\/uploads\/2025\/04\/1000026624-1152x1536.jpg 1152w, https:\/\/villeneuve1874.fr\/wp-content\/uploads\/2025\/04\/1000026624-1536x2048.jpg 1536w, https:\/\/villeneuve1874.fr\/wp-content\/uploads\/2025\/04\/1000026624-scaled.jpg 1920w\" sizes=\"auto, (max-width: 768px) 100vw, 768px\" \/><\/figure>\n\n\n\n<figure class=\"wp-block-image size-large\"><img loading=\"lazy\" decoding=\"async\" width=\"768\" height=\"1024\" data-id=\"425\" src=\"https:\/\/villeneuve1874.fr\/wp-content\/uploads\/2025\/04\/1000025007-768x1024.jpg\" alt=\"\" class=\"wp-image-425\" srcset=\"https:\/\/villeneuve1874.fr\/wp-content\/uploads\/2025\/04\/1000025007-768x1024.jpg 768w, https:\/\/villeneuve1874.fr\/wp-content\/uploads\/2025\/04\/1000025007-225x300.jpg 225w, https:\/\/villeneuve1874.fr\/wp-content\/uploads\/2025\/04\/1000025007-1152x1536.jpg 1152w, https:\/\/villeneuve1874.fr\/wp-content\/uploads\/2025\/04\/1000025007-1536x2048.jpg 1536w, https:\/\/villeneuve1874.fr\/wp-content\/uploads\/2025\/04\/1000025007-scaled.jpg 1920w\" sizes=\"auto, (max-width: 768px) 100vw, 768px\" \/><\/figure>\n\n\n\n<figure class=\"wp-block-image size-large\"><img loading=\"lazy\" decoding=\"async\" width=\"768\" height=\"1024\" data-id=\"426\" src=\"https:\/\/villeneuve1874.fr\/wp-content\/uploads\/2025\/04\/1000026620-768x1024.jpg\" alt=\"\" class=\"wp-image-426\" srcset=\"https:\/\/villeneuve1874.fr\/wp-content\/uploads\/2025\/04\/1000026620-768x1024.jpg 768w, https:\/\/villeneuve1874.fr\/wp-content\/uploads\/2025\/04\/1000026620-225x300.jpg 225w, https:\/\/villeneuve1874.fr\/wp-content\/uploads\/2025\/04\/1000026620-1152x1536.jpg 1152w, https:\/\/villeneuve1874.fr\/wp-content\/uploads\/2025\/04\/1000026620-1536x2048.jpg 1536w, https:\/\/villeneuve1874.fr\/wp-content\/uploads\/2025\/04\/1000026620-scaled.jpg 1920w\" sizes=\"auto, (max-width: 768px) 100vw, 768px\" \/><\/figure>\n\n\n\n<figure class=\"wp-block-image size-large\"><img loading=\"lazy\" decoding=\"async\" width=\"1024\" height=\"768\" data-id=\"427\" src=\"https:\/\/villeneuve1874.fr\/wp-content\/uploads\/2025\/04\/1000025006-1024x768.jpg\" alt=\"\" class=\"wp-image-427\" srcset=\"https:\/\/villeneuve1874.fr\/wp-content\/uploads\/2025\/04\/1000025006-1024x768.jpg 1024w, https:\/\/villeneuve1874.fr\/wp-content\/uploads\/2025\/04\/1000025006-300x225.jpg 300w, https:\/\/villeneuve1874.fr\/wp-content\/uploads\/2025\/04\/1000025006-768x576.jpg 768w, https:\/\/villeneuve1874.fr\/wp-content\/uploads\/2025\/04\/1000025006-1536x1152.jpg 1536w, https:\/\/villeneuve1874.fr\/wp-content\/uploads\/2025\/04\/1000025006-2048x1536.jpg 2048w\" sizes=\"auto, (max-width: 1024px) 100vw, 1024px\" \/><\/figure>\n\n\n\n<figure class=\"wp-block-image size-large\"><img loading=\"lazy\" decoding=\"async\" width=\"1024\" height=\"768\" data-id=\"428\" src=\"https:\/\/villeneuve1874.fr\/wp-content\/uploads\/2025\/04\/6ljo357Z-1024x768.jpg\" alt=\"\" class=\"wp-image-428\" srcset=\"https:\/\/villeneuve1874.fr\/wp-content\/uploads\/2025\/04\/6ljo357Z-1024x768.jpg 1024w, https:\/\/villeneuve1874.fr\/wp-content\/uploads\/2025\/04\/6ljo357Z-300x225.jpg 300w, https:\/\/villeneuve1874.fr\/wp-content\/uploads\/2025\/04\/6ljo357Z-768x576.jpg 768w, https:\/\/villeneuve1874.fr\/wp-content\/uploads\/2025\/04\/6ljo357Z-1536x1152.jpg 1536w, https:\/\/villeneuve1874.fr\/wp-content\/uploads\/2025\/04\/6ljo357Z.jpg 2048w\" sizes=\"auto, (max-width: 1024px) 100vw, 1024px\" \/><\/figure>\n\n\n\n<figure class=\"wp-block-image size-large\"><img loading=\"lazy\" decoding=\"async\" width=\"1024\" height=\"768\" data-id=\"429\" src=\"https:\/\/villeneuve1874.fr\/wp-content\/uploads\/2025\/04\/1000024034-1024x768.jpg\" alt=\"\" class=\"wp-image-429\" srcset=\"https:\/\/villeneuve1874.fr\/wp-content\/uploads\/2025\/04\/1000024034-1024x768.jpg 1024w, https:\/\/villeneuve1874.fr\/wp-content\/uploads\/2025\/04\/1000024034-300x225.jpg 300w, https:\/\/villeneuve1874.fr\/wp-content\/uploads\/2025\/04\/1000024034-768x576.jpg 768w, https:\/\/villeneuve1874.fr\/wp-content\/uploads\/2025\/04\/1000024034-1536x1152.jpg 1536w, https:\/\/villeneuve1874.fr\/wp-content\/uploads\/2025\/04\/1000024034-2048x1536.jpg 2048w\" sizes=\"auto, (max-width: 1024px) 100vw, 1024px\" \/><\/figure>\n<\/figure>\n\n\n\n<p><br><br><\/p>\n\n\n\n<figure class=\"wp-block-image size-large\"><img loading=\"lazy\" decoding=\"async\" width=\"1024\" height=\"768\" src=\"https:\/\/villeneuve1874.fr\/wp-content\/uploads\/2025\/04\/plan-simplifie-1024x768.jpg\" alt=\"\" class=\"wp-image-422\" srcset=\"https:\/\/villeneuve1874.fr\/wp-content\/uploads\/2025\/04\/plan-simplifie-1024x768.jpg 1024w, https:\/\/villeneuve1874.fr\/wp-content\/uploads\/2025\/04\/plan-simplifie-300x225.jpg 300w, https:\/\/villeneuve1874.fr\/wp-content\/uploads\/2025\/04\/plan-simplifie-768x576.jpg 768w, https:\/\/villeneuve1874.fr\/wp-content\/uploads\/2025\/04\/plan-simplifie-1536x1152.jpg 1536w, https:\/\/villeneuve1874.fr\/wp-content\/uploads\/2025\/04\/plan-simplifie-2048x1536.jpg 2048w\" sizes=\"auto, (max-width: 1024px) 100vw, 1024px\" \/><figcaption class=\"wp-element-caption\">Plan des locaux de l&rsquo;association Villeneuve 1874<\/figcaption><\/figure>\n\n\n\n<p><\/p>\n\n\n\n<p><\/p>\n\n\n\n<p>Grille tarifaire 2025\/2026 de location pour les intervenants <br><\/p>\n\n\n\n<figure class=\"wp-block-table\"><table class=\"has-fixed-layout\"><tbody><tr><td><\/td><td>Location des locaux tarif intervenants<\/td><\/tr><tr><td>1 heure<\/td><td>25 \u20ac<\/td><\/tr><tr><td>2 heures<\/td><td>35 \u20ac<\/td><\/tr><tr><td>demi-journ\u00e9e (4h)&nbsp;9h\/13h ou 14h\/18h<\/td><td>50 \u20ac<\/td><\/tr><tr><td>journ\u00e9e 9h\/18h<\/td><td>90\u20ac<\/td><\/tr><tr><td>soir\u00e9e compl\u00e8te semaine 18h\/00h max<\/td><td>50\u20ac<\/td><\/tr><tr><td>soir\u00e9e compl\u00e8te samedi soir&nbsp;<\/td><td>100\u20ac<\/td><\/tr><tr><td>journ\u00e9e + soir\u00e9e semaine<\/td><td>120\u20ac<\/td><\/tr><tr><td>week-end complet<br>samedi 9h\/2h00 max; Dimanche 9h\/20h00<\/td><td>250\u20ac<\/td><\/tr><\/tbody><\/table><\/figure>\n\n\n\n<p><\/p>\n\n\n\n<p><br><\/p>\n","protected":false},"excerpt":{"rendered":"<p>Vous recherchez un lieu atypique et inspirant pour proposer une activit\u00e9 ? Que cela soit pour des ateliers d&rsquo;art ou des soir\u00e9es \u00e0 th\u00e8me, que ce soit pour du chant, de la musique ou des soir\u00e9es jeux&#8230; Laissez fleurir votre imagination et profitez du cadre ressourcant du Ch\u00e2teau de Villeneuve. Les locaux de l&rsquo;association Villeneuve [&hellip;]<\/p>\n","protected":false},"author":1,"featured_media":0,"parent":0,"menu_order":0,"comment_status":"closed","ping_status":"closed","template":"","meta":{"footnotes":""},"class_list":["post-421","page","type-page","status-publish","hentry"],"_links":{"self":[{"href":"https:\/\/villeneuve1874.fr\/index.php\/wp-json\/wp\/v2\/pages\/421","targetHints":{"allow":["GET"]}}],"collection":[{"href":"https:\/\/villeneuve1874.fr\/index.php\/wp-json\/wp\/v2\/pages"}],"about":[{"href":"https:\/\/villeneuve1874.fr\/index.php\/wp-json\/wp\/v2\/types\/page"}],"author":[{"embeddable":true,"href":"https:\/\/villeneuve1874.fr\/index.php\/wp-json\/wp\/v2\/users\/1"}],"replies":[{"embeddable":true,"href":"https:\/\/villeneuve1874.fr\/index.php\/wp-json\/wp\/v2\/comments?post=421"}],"version-history":[{"count":5,"href":"https:\/\/villeneuve1874.fr\/index.php\/wp-json\/wp\/v2\/pages\/421\/revisions"}],"predecessor-version":[{"id":605,"href":"https:\/\/villeneuve1874.fr\/index.php\/wp-json\/wp\/v2\/pages\/421\/revisions\/605"}],"wp:attachment":[{"href":"https:\/\/villeneuve1874.fr\/index.php\/wp-json\/wp\/v2\/media?parent=421"}],"curies":[{"name":"wp","href":"https:\/\/api.w.org\/{rel}","templated":true}]}}