{"id":443,"date":"2025-04-07T18:18:55","date_gmt":"2025-04-07T16:18:55","guid":{"rendered":"https:\/\/villeneuve1874.fr\/?page_id=443"},"modified":"2025-04-07T19:01:52","modified_gmt":"2025-04-07T17:01:52","slug":"la-st-nicolas-comme-en-1900","status":"publish","type":"page","link":"https:\/\/villeneuve1874.fr\/index.php\/la-st-nicolas-comme-en-1900\/","title":{"rendered":"La St Nicolas comme en 1900"},"content":{"rendered":"\n<p>Chaque ann\u00e9e, venez f\u00eater la St Nicolas comme en 1900 ! <br>G\u00e2teaux de No\u00ebl et boissons chaudes, contes et musique, lanterne magique, costumes d&rsquo;\u00e9poque &#8230; Laissez-vous emport\u00e9s par ce petit voyage dans le temps. <br>Entr\u00e9e libre. <\/p>\n\n\n\n<figure class=\"wp-block-gallery has-nested-images columns-default is-cropped wp-block-gallery-1 is-layout-flex wp-block-gallery-is-layout-flex\">\n<figure class=\"wp-block-image size-large\"><img loading=\"lazy\" decoding=\"async\" width=\"768\" height=\"1024\" data-id=\"446\" src=\"https:\/\/villeneuve1874.fr\/wp-content\/uploads\/2025\/04\/20241207_121125-768x1024.jpg\" alt=\"\" class=\"wp-image-446\" srcset=\"https:\/\/villeneuve1874.fr\/wp-content\/uploads\/2025\/04\/20241207_121125-768x1024.jpg 768w, https:\/\/villeneuve1874.fr\/wp-content\/uploads\/2025\/04\/20241207_121125-225x300.jpg 225w, https:\/\/villeneuve1874.fr\/wp-content\/uploads\/2025\/04\/20241207_121125-1152x1536.jpg 1152w, https:\/\/villeneuve1874.fr\/wp-content\/uploads\/2025\/04\/20241207_121125-1536x2048.jpg 1536w, https:\/\/villeneuve1874.fr\/wp-content\/uploads\/2025\/04\/20241207_121125-scaled.jpg 1920w\" sizes=\"auto, (max-width: 768px) 100vw, 768px\" \/><\/figure>\n\n\n\n<figure class=\"wp-block-image size-large\"><img loading=\"lazy\" decoding=\"async\" width=\"768\" height=\"1024\" data-id=\"448\" src=\"https:\/\/villeneuve1874.fr\/wp-content\/uploads\/2025\/04\/20241207_121224-768x1024.jpg\" alt=\"\" class=\"wp-image-448\" srcset=\"https:\/\/villeneuve1874.fr\/wp-content\/uploads\/2025\/04\/20241207_121224-768x1024.jpg 768w, https:\/\/villeneuve1874.fr\/wp-content\/uploads\/2025\/04\/20241207_121224-225x300.jpg 225w, https:\/\/villeneuve1874.fr\/wp-content\/uploads\/2025\/04\/20241207_121224-1152x1536.jpg 1152w, https:\/\/villeneuve1874.fr\/wp-content\/uploads\/2025\/04\/20241207_121224-1536x2048.jpg 1536w, https:\/\/villeneuve1874.fr\/wp-content\/uploads\/2025\/04\/20241207_121224-scaled.jpg 1920w\" sizes=\"auto, (max-width: 768px) 100vw, 768px\" \/><\/figure>\n\n\n\n<figure class=\"wp-block-image size-large\"><img loading=\"lazy\" decoding=\"async\" width=\"1024\" height=\"768\" data-id=\"447\" src=\"https:\/\/villeneuve1874.fr\/wp-content\/uploads\/2025\/04\/20241207_150313-1024x768.jpg\" alt=\"\" class=\"wp-image-447\" srcset=\"https:\/\/villeneuve1874.fr\/wp-content\/uploads\/2025\/04\/20241207_150313-1024x768.jpg 1024w, https:\/\/villeneuve1874.fr\/wp-content\/uploads\/2025\/04\/20241207_150313-300x225.jpg 300w, https:\/\/villeneuve1874.fr\/wp-content\/uploads\/2025\/04\/20241207_150313-768x576.jpg 768w, https:\/\/villeneuve1874.fr\/wp-content\/uploads\/2025\/04\/20241207_150313-1536x1152.jpg 1536w, https:\/\/villeneuve1874.fr\/wp-content\/uploads\/2025\/04\/20241207_150313-2048x1536.jpg 2048w\" sizes=\"auto, (max-width: 1024px) 100vw, 1024px\" \/><\/figure>\n\n\n\n<figure class=\"wp-block-image size-large\"><img loading=\"lazy\" decoding=\"async\" width=\"286\" height=\"319\" data-id=\"470\" src=\"https:\/\/villeneuve1874.fr\/wp-content\/uploads\/2025\/04\/harpe.jpg\" alt=\"\" class=\"wp-image-470\" srcset=\"https:\/\/villeneuve1874.fr\/wp-content\/uploads\/2025\/04\/harpe.jpg 286w, https:\/\/villeneuve1874.fr\/wp-content\/uploads\/2025\/04\/harpe-269x300.jpg 269w\" sizes=\"auto, (max-width: 286px) 100vw, 286px\" \/><\/figure>\n\n\n\n<figure class=\"wp-block-image size-large\"><img loading=\"lazy\" decoding=\"async\" width=\"1024\" height=\"768\" data-id=\"473\" src=\"http:\/\/villeneuve1874.fr\/wp-content\/uploads\/2025\/04\/20241208_165318-1024x768.jpg\" alt=\"\" class=\"wp-image-473\" srcset=\"https:\/\/villeneuve1874.fr\/wp-content\/uploads\/2025\/04\/20241208_165318-1024x768.jpg 1024w, https:\/\/villeneuve1874.fr\/wp-content\/uploads\/2025\/04\/20241208_165318-300x225.jpg 300w, https:\/\/villeneuve1874.fr\/wp-content\/uploads\/2025\/04\/20241208_165318-768x576.jpg 768w, https:\/\/villeneuve1874.fr\/wp-content\/uploads\/2025\/04\/20241208_165318-1536x1152.jpg 1536w, https:\/\/villeneuve1874.fr\/wp-content\/uploads\/2025\/04\/20241208_165318-2048x1536.jpg 2048w\" sizes=\"auto, (max-width: 1024px) 100vw, 1024px\" \/><\/figure>\n\n\n\n<figure class=\"wp-block-image size-large\"><img loading=\"lazy\" decoding=\"async\" width=\"768\" height=\"1024\" data-id=\"449\" src=\"https:\/\/villeneuve1874.fr\/wp-content\/uploads\/2025\/04\/20241206_194732-768x1024.jpg\" alt=\"\" class=\"wp-image-449\" srcset=\"https:\/\/villeneuve1874.fr\/wp-content\/uploads\/2025\/04\/20241206_194732-768x1024.jpg 768w, https:\/\/villeneuve1874.fr\/wp-content\/uploads\/2025\/04\/20241206_194732-225x300.jpg 225w, https:\/\/villeneuve1874.fr\/wp-content\/uploads\/2025\/04\/20241206_194732-1152x1536.jpg 1152w, https:\/\/villeneuve1874.fr\/wp-content\/uploads\/2025\/04\/20241206_194732-1536x2048.jpg 1536w, https:\/\/villeneuve1874.fr\/wp-content\/uploads\/2025\/04\/20241206_194732-scaled.jpg 1920w\" sizes=\"auto, (max-width: 768px) 100vw, 768px\" \/><\/figure>\n\n\n\n<figure class=\"wp-block-image size-large\"><img loading=\"lazy\" decoding=\"async\" width=\"768\" height=\"1024\" data-id=\"450\" src=\"https:\/\/villeneuve1874.fr\/wp-content\/uploads\/2025\/04\/20241206_195348-768x1024.jpg\" alt=\"\" class=\"wp-image-450\" srcset=\"https:\/\/villeneuve1874.fr\/wp-content\/uploads\/2025\/04\/20241206_195348-768x1024.jpg 768w, https:\/\/villeneuve1874.fr\/wp-content\/uploads\/2025\/04\/20241206_195348-225x300.jpg 225w, https:\/\/villeneuve1874.fr\/wp-content\/uploads\/2025\/04\/20241206_195348-1152x1536.jpg 1152w, https:\/\/villeneuve1874.fr\/wp-content\/uploads\/2025\/04\/20241206_195348-1536x2048.jpg 1536w, https:\/\/villeneuve1874.fr\/wp-content\/uploads\/2025\/04\/20241206_195348-scaled.jpg 1920w\" sizes=\"auto, (max-width: 768px) 100vw, 768px\" \/><\/figure>\n\n\n\n<figure class=\"wp-block-image size-large\"><img loading=\"lazy\" decoding=\"async\" width=\"1024\" height=\"768\" data-id=\"451\" src=\"https:\/\/villeneuve1874.fr\/wp-content\/uploads\/2025\/04\/20241206_191229-1024x768.jpg\" alt=\"\" class=\"wp-image-451\" srcset=\"https:\/\/villeneuve1874.fr\/wp-content\/uploads\/2025\/04\/20241206_191229-1024x768.jpg 1024w, https:\/\/villeneuve1874.fr\/wp-content\/uploads\/2025\/04\/20241206_191229-300x225.jpg 300w, https:\/\/villeneuve1874.fr\/wp-content\/uploads\/2025\/04\/20241206_191229-768x576.jpg 768w, https:\/\/villeneuve1874.fr\/wp-content\/uploads\/2025\/04\/20241206_191229-1536x1152.jpg 1536w, https:\/\/villeneuve1874.fr\/wp-content\/uploads\/2025\/04\/20241206_191229-2048x1536.jpg 2048w\" sizes=\"auto, (max-width: 1024px) 100vw, 1024px\" \/><\/figure>\n\n\n\n<figure class=\"wp-block-image size-large\"><img loading=\"lazy\" decoding=\"async\" width=\"768\" height=\"1024\" data-id=\"453\" src=\"https:\/\/villeneuve1874.fr\/wp-content\/uploads\/2025\/04\/20241207_162344-1-768x1024.jpg\" alt=\"\" class=\"wp-image-453\" srcset=\"https:\/\/villeneuve1874.fr\/wp-content\/uploads\/2025\/04\/20241207_162344-1-768x1024.jpg 768w, https:\/\/villeneuve1874.fr\/wp-content\/uploads\/2025\/04\/20241207_162344-1-225x300.jpg 225w, https:\/\/villeneuve1874.fr\/wp-content\/uploads\/2025\/04\/20241207_162344-1-1152x1536.jpg 1152w, https:\/\/villeneuve1874.fr\/wp-content\/uploads\/2025\/04\/20241207_162344-1-1536x2048.jpg 1536w, https:\/\/villeneuve1874.fr\/wp-content\/uploads\/2025\/04\/20241207_162344-1-scaled.jpg 1920w\" sizes=\"auto, (max-width: 768px) 100vw, 768px\" \/><\/figure>\n\n\n\n<figure class=\"wp-block-image size-large\"><img loading=\"lazy\" decoding=\"async\" width=\"768\" height=\"1024\" data-id=\"455\" src=\"http:\/\/villeneuve1874.fr\/wp-content\/uploads\/2025\/04\/20241207_160520-768x1024.jpg\" alt=\"\" class=\"wp-image-455\" srcset=\"https:\/\/villeneuve1874.fr\/wp-content\/uploads\/2025\/04\/20241207_160520-768x1024.jpg 768w, https:\/\/villeneuve1874.fr\/wp-content\/uploads\/2025\/04\/20241207_160520-225x300.jpg 225w, https:\/\/villeneuve1874.fr\/wp-content\/uploads\/2025\/04\/20241207_160520-1152x1536.jpg 1152w, https:\/\/villeneuve1874.fr\/wp-content\/uploads\/2025\/04\/20241207_160520-1536x2048.jpg 1536w, https:\/\/villeneuve1874.fr\/wp-content\/uploads\/2025\/04\/20241207_160520-scaled.jpg 1920w\" sizes=\"auto, (max-width: 768px) 100vw, 768px\" \/><\/figure>\n\n\n\n<figure class=\"wp-block-image size-large\"><img loading=\"lazy\" decoding=\"async\" width=\"768\" height=\"1024\" data-id=\"452\" src=\"https:\/\/villeneuve1874.fr\/wp-content\/uploads\/2025\/04\/20241207_162254-1-768x1024.jpg\" alt=\"\" class=\"wp-image-452\" srcset=\"https:\/\/villeneuve1874.fr\/wp-content\/uploads\/2025\/04\/20241207_162254-1-768x1024.jpg 768w, https:\/\/villeneuve1874.fr\/wp-content\/uploads\/2025\/04\/20241207_162254-1-225x300.jpg 225w, https:\/\/villeneuve1874.fr\/wp-content\/uploads\/2025\/04\/20241207_162254-1-1152x1536.jpg 1152w, https:\/\/villeneuve1874.fr\/wp-content\/uploads\/2025\/04\/20241207_162254-1-1536x2048.jpg 1536w, https:\/\/villeneuve1874.fr\/wp-content\/uploads\/2025\/04\/20241207_162254-1-scaled.jpg 1920w\" sizes=\"auto, (max-width: 768px) 100vw, 768px\" \/><\/figure>\n\n\n\n<figure class=\"wp-block-image size-large\"><img loading=\"lazy\" decoding=\"async\" width=\"1024\" height=\"768\" data-id=\"456\" src=\"https:\/\/villeneuve1874.fr\/wp-content\/uploads\/2025\/04\/20241207_162621-1-1024x768.jpg\" alt=\"\" class=\"wp-image-456\" srcset=\"https:\/\/villeneuve1874.fr\/wp-content\/uploads\/2025\/04\/20241207_162621-1-1024x768.jpg 1024w, https:\/\/villeneuve1874.fr\/wp-content\/uploads\/2025\/04\/20241207_162621-1-300x225.jpg 300w, https:\/\/villeneuve1874.fr\/wp-content\/uploads\/2025\/04\/20241207_162621-1-768x576.jpg 768w, https:\/\/villeneuve1874.fr\/wp-content\/uploads\/2025\/04\/20241207_162621-1-1536x1152.jpg 1536w, https:\/\/villeneuve1874.fr\/wp-content\/uploads\/2025\/04\/20241207_162621-1-2048x1536.jpg 2048w\" sizes=\"auto, (max-width: 1024px) 100vw, 1024px\" \/><\/figure>\n\n\n\n<figure class=\"wp-block-image size-large\"><img loading=\"lazy\" decoding=\"async\" width=\"768\" height=\"1024\" data-id=\"475\" src=\"https:\/\/villeneuve1874.fr\/wp-content\/uploads\/2025\/04\/20241207_121150-768x1024.jpg\" alt=\"\" class=\"wp-image-475\" srcset=\"https:\/\/villeneuve1874.fr\/wp-content\/uploads\/2025\/04\/20241207_121150-768x1024.jpg 768w, https:\/\/villeneuve1874.fr\/wp-content\/uploads\/2025\/04\/20241207_121150-225x300.jpg 225w, https:\/\/villeneuve1874.fr\/wp-content\/uploads\/2025\/04\/20241207_121150-1152x1536.jpg 1152w, https:\/\/villeneuve1874.fr\/wp-content\/uploads\/2025\/04\/20241207_121150-1536x2048.jpg 1536w, https:\/\/villeneuve1874.fr\/wp-content\/uploads\/2025\/04\/20241207_121150-scaled.jpg 1920w\" sizes=\"auto, (max-width: 768px) 100vw, 768px\" \/><\/figure>\n\n\n\n<figure class=\"wp-block-image size-large\"><img loading=\"lazy\" decoding=\"async\" width=\"768\" height=\"1024\" data-id=\"478\" src=\"https:\/\/villeneuve1874.fr\/wp-content\/uploads\/2025\/04\/20241207_121046-768x1024.jpg\" alt=\"\" class=\"wp-image-478\" srcset=\"https:\/\/villeneuve1874.fr\/wp-content\/uploads\/2025\/04\/20241207_121046-768x1024.jpg 768w, https:\/\/villeneuve1874.fr\/wp-content\/uploads\/2025\/04\/20241207_121046-225x300.jpg 225w, https:\/\/villeneuve1874.fr\/wp-content\/uploads\/2025\/04\/20241207_121046-1152x1536.jpg 1152w, https:\/\/villeneuve1874.fr\/wp-content\/uploads\/2025\/04\/20241207_121046-1536x2048.jpg 1536w, https:\/\/villeneuve1874.fr\/wp-content\/uploads\/2025\/04\/20241207_121046-scaled.jpg 1920w\" sizes=\"auto, (max-width: 768px) 100vw, 768px\" \/><\/figure>\n\n\n\n<figure class=\"wp-block-image size-large\"><img loading=\"lazy\" decoding=\"async\" width=\"768\" height=\"1024\" data-id=\"477\" src=\"https:\/\/villeneuve1874.fr\/wp-content\/uploads\/2025\/04\/20241207_163421-768x1024.jpg\" alt=\"\" class=\"wp-image-477\" srcset=\"https:\/\/villeneuve1874.fr\/wp-content\/uploads\/2025\/04\/20241207_163421-768x1024.jpg 768w, https:\/\/villeneuve1874.fr\/wp-content\/uploads\/2025\/04\/20241207_163421-225x300.jpg 225w, https:\/\/villeneuve1874.fr\/wp-content\/uploads\/2025\/04\/20241207_163421-1152x1536.jpg 1152w, https:\/\/villeneuve1874.fr\/wp-content\/uploads\/2025\/04\/20241207_163421-1536x2048.jpg 1536w, https:\/\/villeneuve1874.fr\/wp-content\/uploads\/2025\/04\/20241207_163421-scaled.jpg 1920w\" sizes=\"auto, (max-width: 768px) 100vw, 768px\" \/><\/figure>\n\n\n\n<figure class=\"wp-block-image size-large\"><img loading=\"lazy\" decoding=\"async\" width=\"1024\" height=\"768\" data-id=\"479\" src=\"https:\/\/villeneuve1874.fr\/wp-content\/uploads\/2025\/04\/20241206_191352-1024x768.jpg\" alt=\"\" class=\"wp-image-479\" srcset=\"https:\/\/villeneuve1874.fr\/wp-content\/uploads\/2025\/04\/20241206_191352-1024x768.jpg 1024w, https:\/\/villeneuve1874.fr\/wp-content\/uploads\/2025\/04\/20241206_191352-300x225.jpg 300w, https:\/\/villeneuve1874.fr\/wp-content\/uploads\/2025\/04\/20241206_191352-768x576.jpg 768w, https:\/\/villeneuve1874.fr\/wp-content\/uploads\/2025\/04\/20241206_191352-1536x1152.jpg 1536w, https:\/\/villeneuve1874.fr\/wp-content\/uploads\/2025\/04\/20241206_191352-2048x1536.jpg 2048w\" sizes=\"auto, (max-width: 1024px) 100vw, 1024px\" \/><\/figure>\n\n\n\n<figure class=\"wp-block-image size-large\"><img loading=\"lazy\" decoding=\"async\" width=\"768\" height=\"1024\" data-id=\"480\" src=\"https:\/\/villeneuve1874.fr\/wp-content\/uploads\/2025\/04\/20241207_164455-768x1024.jpg\" alt=\"\" class=\"wp-image-480\" srcset=\"https:\/\/villeneuve1874.fr\/wp-content\/uploads\/2025\/04\/20241207_164455-768x1024.jpg 768w, https:\/\/villeneuve1874.fr\/wp-content\/uploads\/2025\/04\/20241207_164455-225x300.jpg 225w, https:\/\/villeneuve1874.fr\/wp-content\/uploads\/2025\/04\/20241207_164455-1152x1536.jpg 1152w, https:\/\/villeneuve1874.fr\/wp-content\/uploads\/2025\/04\/20241207_164455-1536x2048.jpg 1536w, https:\/\/villeneuve1874.fr\/wp-content\/uploads\/2025\/04\/20241207_164455-scaled.jpg 1920w\" sizes=\"auto, (max-width: 768px) 100vw, 768px\" \/><\/figure>\n<\/figure>\n\n\n\n<p><br><br><br><\/p>\n","protected":false},"excerpt":{"rendered":"<p>Chaque ann\u00e9e, venez f\u00eater la St Nicolas comme en 1900 ! G\u00e2teaux de No\u00ebl et boissons chaudes, contes et musique, lanterne magique, costumes d&rsquo;\u00e9poque &#8230; Laissez-vous emport\u00e9s par ce petit voyage dans le temps. Entr\u00e9e libre.<\/p>\n","protected":false},"author":1,"featured_media":0,"parent":0,"menu_order":0,"comment_status":"closed","ping_status":"closed","template":"","meta":{"footnotes":""},"class_list":["post-443","page","type-page","status-publish","hentry"],"_links":{"self":[{"href":"https:\/\/villeneuve1874.fr\/index.php\/wp-json\/wp\/v2\/pages\/443","targetHints":{"allow":["GET"]}}],"collection":[{"href":"https:\/\/villeneuve1874.fr\/index.php\/wp-json\/wp\/v2\/pages"}],"about":[{"href":"https:\/\/villeneuve1874.fr\/index.php\/wp-json\/wp\/v2\/types\/page"}],"author":[{"embeddable":true,"href":"https:\/\/villeneuve1874.fr\/index.php\/wp-json\/wp\/v2\/users\/1"}],"replies":[{"embeddable":true,"href":"https:\/\/villeneuve1874.fr\/index.php\/wp-json\/wp\/v2\/comments?post=443"}],"version-history":[{"count":4,"href":"https:\/\/villeneuve1874.fr\/index.php\/wp-json\/wp\/v2\/pages\/443\/revisions"}],"predecessor-version":[{"id":481,"href":"https:\/\/villeneuve1874.fr\/index.php\/wp-json\/wp\/v2\/pages\/443\/revisions\/481"}],"wp:attachment":[{"href":"https:\/\/villeneuve1874.fr\/index.php\/wp-json\/wp\/v2\/media?parent=443"}],"curies":[{"name":"wp","href":"https:\/\/api.w.org\/{rel}","templated":true}]}}