{"id":91,"date":"2024-08-28T17:11:01","date_gmt":"2024-08-28T15:11:01","guid":{"rendered":"https:\/\/villeneuve1874.fr\/?page_id=91"},"modified":"2026-02-12T12:40:39","modified_gmt":"2026-02-12T11:40:39","slug":"intervenant-2","status":"publish","type":"page","link":"https:\/\/villeneuve1874.fr\/index.php\/intervenant-2\/","title":{"rendered":"Virginie de Bodinat"},"content":{"rendered":"<div class=\"wp-block-image\">\n<figure class=\"aligncenter size-large is-resized\"><img loading=\"lazy\" decoding=\"async\" width=\"825\" height=\"1024\" src=\"https:\/\/villeneuve1874.fr\/wp-content\/uploads\/2025\/04\/portrait-Virginie-825x1024.jpg\" alt=\"\" class=\"wp-image-358\" style=\"width:445px;height:auto\" srcset=\"https:\/\/villeneuve1874.fr\/wp-content\/uploads\/2025\/04\/portrait-Virginie-825x1024.jpg 825w, https:\/\/villeneuve1874.fr\/wp-content\/uploads\/2025\/04\/portrait-Virginie-242x300.jpg 242w, https:\/\/villeneuve1874.fr\/wp-content\/uploads\/2025\/04\/portrait-Virginie-768x953.jpg 768w, https:\/\/villeneuve1874.fr\/wp-content\/uploads\/2025\/04\/portrait-Virginie-1237x1536.jpg 1237w, https:\/\/villeneuve1874.fr\/wp-content\/uploads\/2025\/04\/portrait-Virginie-1650x2048.jpg 1650w, https:\/\/villeneuve1874.fr\/wp-content\/uploads\/2025\/04\/portrait-Virginie.jpg 1890w\" sizes=\"auto, (max-width: 825px) 100vw, 825px\" \/><\/figure>\n<\/div>\n\n\n<p>Il est donc venu le temps de me pr\u00e9senter. <\/p>\n\n\n\n<p>J&rsquo;ai un parcours assez atypique qui navigue entre dipl\u00f4me de <strong>bijouterie<\/strong>, int\u00e9r\u00eat pour les <strong>m\u00e9tiers d&rsquo;arts<\/strong>, interpr\u00e9tations de r\u00f4les, et int\u00e9r\u00eat pour la <strong>p\u00e9dagogie<\/strong>.<br>Que ce soit dans le cadre de mon travail ou dans ma vie personnelle, je me suis retrouv\u00e9e \u00e0 enseigner de nombreuses activit\u00e9s aupr\u00e8s d&rsquo;un jeune public. <\/p>\n\n\n\n<p><br>Apr\u00e8s avoir int\u00e9gr\u00e9 quelques ann\u00e9es des troupes d&rsquo;\u00e9vocation historique, j&rsquo;en suis venue \u00e0 penser mes projets diff\u00e9remment et autour de mes centres d&rsquo;int\u00e9r\u00eats. <\/p>\n\n\n\n<p><br>C&rsquo;est ainsi qu&rsquo;est n\u00e9 le projet de l&rsquo;association \u00ab\u00a0<strong>Villeneuve 1874<\/strong>\u00ab\u00a0. <br>Un cadre inspirant qui permettra le d\u00e9veloppement de projets enthousiasmants, que ce soit pour moi ou tous les adh\u00e9rents qui, comme moi, ont des projets qui les font r\u00eaver. <\/p>\n\n\n\n<p><br>Apr\u00e8s une ann\u00e9e de labeur, d&rsquo;investissements et de travaux, nous avons enfin un lieu dans l&rsquo;entre-sol du Ch\u00e2teau de Villeneuve, \u00e0 l&#8217;emplacement de l&rsquo;ancienne Galerie d&rsquo;art qui avait \u00e9t\u00e9 mont\u00e9e par mes parents.<br>J&rsquo;ai donc naturellement pens\u00e9 \u00e0 des activit\u00e9s qui ressemblent \u00e0 mon parcours. <br><br>L&rsquo;activit\u00e9 de th\u00e9\u00e2tre regroupe ainsi bon nombre de mes centres d&rsquo;int\u00e9r\u00eat : Th\u00e9\u00e2tre, reconstitution historique, jeux de r\u00f4le, films, costumes&#8230;<br>Je souhaite proposer quelque chose de tr\u00e8s complet pour tous ceux qui r\u00eavent d&rsquo;incarner un personnage dans son enti\u00e8ret\u00e9. <br><br>L&rsquo;activit\u00e9 de d\u00e9couverte des m\u00e9tiers d&rsquo;art s&rsquo;adresse pour le moment \u00e0 un jeune public, en p\u00e9riode scolaire. Sans doute l\u00e0 une envie de renouer avec la p\u00e9dagogie car j&rsquo;ai \u00e9t\u00e9 pr\u00e9ceptrice et j&rsquo;ai \u00e9galement instruit moi-m\u00eame mes enfants en famille. Le plaisir de transmettre m&rsquo;a pouss\u00e9e \u00e0 organiser des stages cr\u00e9atifs durant quelques ann\u00e9es. Forte de toutes ces exp\u00e9riences, j&rsquo;ai d\u00e9cid\u00e9 de me lancer et de proposer ces activit\u00e9s durant un cycle d&rsquo;ann\u00e9e scolaire afin d&rsquo;offrir un panel vari\u00e9 et enrichissant qui m\u00ealera l&rsquo;histoire de l&rsquo;art th\u00e9orique aux r\u00e9alisations pratiques. <br><br>Les projets sont en cours, ils ne demandent qu&rsquo;\u00e0 s&rsquo;\u00e9toffer en cr\u00e9ant du lien dans un cercle vertueux et une ambiance chaleureuse ! <br><br><br><br><br><br><\/p>\n\n\n<div class=\"wp-block-image\">\n<figure class=\"aligncenter size-large\"><img loading=\"lazy\" decoding=\"async\" width=\"724\" height=\"1024\" src=\"https:\/\/villeneuve1874.fr\/wp-content\/uploads\/2025\/09\/feuille-activites-theatre-724x1024.jpg\" alt=\"\" class=\"wp-image-506\" srcset=\"https:\/\/villeneuve1874.fr\/wp-content\/uploads\/2025\/09\/feuille-activites-theatre-724x1024.jpg 724w, https:\/\/villeneuve1874.fr\/wp-content\/uploads\/2025\/09\/feuille-activites-theatre-212x300.jpg 212w, https:\/\/villeneuve1874.fr\/wp-content\/uploads\/2025\/09\/feuille-activites-theatre-768x1086.jpg 768w, https:\/\/villeneuve1874.fr\/wp-content\/uploads\/2025\/09\/feuille-activites-theatre-1086x1536.jpg 1086w, https:\/\/villeneuve1874.fr\/wp-content\/uploads\/2025\/09\/feuille-activites-theatre-1448x2048.jpg 1448w, https:\/\/villeneuve1874.fr\/wp-content\/uploads\/2025\/09\/feuille-activites-theatre.jpg 1587w\" sizes=\"auto, (max-width: 724px) 100vw, 724px\" \/><\/figure>\n<\/div>\n\n<div class=\"wp-block-image\">\n<figure class=\"aligncenter size-large is-resized\"><img loading=\"lazy\" decoding=\"async\" width=\"724\" height=\"1024\" src=\"https:\/\/villeneuve1874.fr\/wp-content\/uploads\/2025\/09\/feuille-activite-enfants-724x1024.jpg\" alt=\"\" class=\"wp-image-507\" style=\"width:840px;height:auto\" srcset=\"https:\/\/villeneuve1874.fr\/wp-content\/uploads\/2025\/09\/feuille-activite-enfants-724x1024.jpg 724w, https:\/\/villeneuve1874.fr\/wp-content\/uploads\/2025\/09\/feuille-activite-enfants-212x300.jpg 212w, https:\/\/villeneuve1874.fr\/wp-content\/uploads\/2025\/09\/feuille-activite-enfants-768x1086.jpg 768w, https:\/\/villeneuve1874.fr\/wp-content\/uploads\/2025\/09\/feuille-activite-enfants-1086x1536.jpg 1086w, https:\/\/villeneuve1874.fr\/wp-content\/uploads\/2025\/09\/feuille-activite-enfants-1448x2048.jpg 1448w, https:\/\/villeneuve1874.fr\/wp-content\/uploads\/2025\/09\/feuille-activite-enfants.jpg 1587w\" sizes=\"auto, (max-width: 724px) 100vw, 724px\" \/><\/figure>\n<\/div>\n\n\n<p><\/p>\n","protected":false},"excerpt":{"rendered":"<p>Il est donc venu le temps de me pr\u00e9senter. J&rsquo;ai un parcours assez atypique qui navigue entre dipl\u00f4me de bijouterie, int\u00e9r\u00eat pour les m\u00e9tiers d&rsquo;arts, interpr\u00e9tations de r\u00f4les, et int\u00e9r\u00eat pour la p\u00e9dagogie.Que ce soit dans le cadre de mon travail ou dans ma vie personnelle, je me suis retrouv\u00e9e \u00e0 enseigner de nombreuses activit\u00e9s [&hellip;]<\/p>\n","protected":false},"author":1,"featured_media":0,"parent":0,"menu_order":0,"comment_status":"closed","ping_status":"closed","template":"","meta":{"footnotes":""},"class_list":["post-91","page","type-page","status-publish","hentry"],"_links":{"self":[{"href":"https:\/\/villeneuve1874.fr\/index.php\/wp-json\/wp\/v2\/pages\/91","targetHints":{"allow":["GET"]}}],"collection":[{"href":"https:\/\/villeneuve1874.fr\/index.php\/wp-json\/wp\/v2\/pages"}],"about":[{"href":"https:\/\/villeneuve1874.fr\/index.php\/wp-json\/wp\/v2\/types\/page"}],"author":[{"embeddable":true,"href":"https:\/\/villeneuve1874.fr\/index.php\/wp-json\/wp\/v2\/users\/1"}],"replies":[{"embeddable":true,"href":"https:\/\/villeneuve1874.fr\/index.php\/wp-json\/wp\/v2\/comments?post=91"}],"version-history":[{"count":8,"href":"https:\/\/villeneuve1874.fr\/index.php\/wp-json\/wp\/v2\/pages\/91\/revisions"}],"predecessor-version":[{"id":566,"href":"https:\/\/villeneuve1874.fr\/index.php\/wp-json\/wp\/v2\/pages\/91\/revisions\/566"}],"wp:attachment":[{"href":"https:\/\/villeneuve1874.fr\/index.php\/wp-json\/wp\/v2\/media?parent=91"}],"curies":[{"name":"wp","href":"https:\/\/api.w.org\/{rel}","templated":true}]}}